{"id":74,"date":"2024-02-16T19:30:06","date_gmt":"2024-02-16T19:30:06","guid":{"rendered":"https:\/\/winterasa.se\/?page_id=74"},"modified":"2024-10-14T17:57:24","modified_gmt":"2024-10-14T17:57:24","slug":"74-2","status":"publish","type":"page","link":"https:\/\/winterasa.se\/?page_id=74","title":{"rendered":"Styrelsen"},"content":{"rendered":"<p>[et_pb_section fb_built=&#8221;1&#8243; _builder_version=&#8221;4.27.2&#8243; _module_preset=&#8221;default&#8221; background_image=&#8221;https:\/\/winterasa.se\/wp-content\/uploads\/2024\/02\/327887770_481430010855363_4696777174645021140_n.jpg&#8221; hover_enabled=&#8221;0&#8243; global_colors_info=&#8221;{}&#8221; sticky_enabled=&#8221;0&#8243;][et_pb_row column_structure=&#8221;1_2,1_2&#8243; _builder_version=&#8221;4.24.1&#8243; _module_preset=&#8221;default&#8221; global_colors_info=&#8221;{}&#8221;][et_pb_column type=&#8221;1_2&#8243; _builder_version=&#8221;4.24.1&#8243; _module_preset=&#8221;default&#8221; global_colors_info=&#8221;{}&#8221;][et_pb_text _builder_version=&#8221;4.24.1&#8243; _module_preset=&#8221;default&#8221; text_text_color=&#8221;#FFFFFF&#8221; text_font_size=&#8221;22px&#8221; header_font=&#8221;|300|||||||&#8221; header_text_color=&#8221;#FFFFFF&#8221; header_4_font_size=&#8221;22px&#8221; background_layout=&#8221;dark&#8221; custom_padding=&#8221;0px|||||&#8221; text_text_shadow_style=&#8221;preset2&#8243; text_text_shadow_color=&#8221;#000000&#8243; header_text_shadow_style=&#8221;preset2&#8243; header_text_shadow_color=&#8221;#FFFFFF&#8221; global_colors_info=&#8221;{}&#8221;]<\/p>\n<p><span style=\"font-size: 22px;\">Styrelsen<\/span><\/p>\n<p><span style=\"font-size: 22px;\">Styrelsen f\u00f6r Winter\u00e5sa Ryttarf\u00f6rening best\u00e5r 2024 av f\u00f6ljande:<\/span><\/p>\n<p><span style=\"font-size: 22px;\"><\/span><\/p>\n<div id=\"a18ae7d519e90406372463d22829a4fc\" class=\"wb_element wb_text_element\" data-plugin=\"TextArea\">\n<p>Ordf\u00f6rande: Per Nilsson<\/p>\n<p>Kass\u00f6r: Lotta Lundberg<\/p>\n<p>Sekreterare: Zara N\u00e4tterdal<\/p>\n<p>Ledam\u00f6ter: Anki Kihlg\u00e5rd, Lisbeth Svedberg och Stefan Kihlg\u00e5rd, Anette Fr\u00f6berg<\/p>\n<p>Ers\u00e4ttare: Johan Lundberg Larsson<\/p>\n<\/div>\n<p>[\/et_pb_text][\/et_pb_column][et_pb_column type=&#8221;1_2&#8243; _builder_version=&#8221;4.24.1&#8243; _module_preset=&#8221;default&#8221; global_colors_info=&#8221;{}&#8221;][et_pb_image src=&#8221;https:\/\/winterasa.se\/wp-content\/uploads\/2024\/02\/warf-1.jpg&#8221; title_text=&#8221;w\u00e5rf 1&#8243; _builder_version=&#8221;4.24.1&#8243; _module_preset=&#8221;default&#8221; width=&#8221;53.2%&#8221; global_colors_info=&#8221;{}&#8221;][\/et_pb_image][\/et_pb_column][\/et_pb_row][\/et_pb_section][et_pb_section fb_built=&#8221;1&#8243; admin_label=&#8221;Footer&#8221; _builder_version=&#8221;4.23.1&#8243; _module_preset=&#8221;default&#8221; use_background_color_gradient=&#8221;on&#8221; background_color_gradient_stops=&#8221;gcid-172090ef-7f3f-4620-b2ce-f7fbc4ceb2d6 0%|rgba(31,37,28,0.85) 100%&#8221; background_color_gradient_overlays_image=&#8221;on&#8221; background_image=&#8221;https:\/\/winterasa.se\/wp-content\/uploads\/2024\/02\/christmas-tree-farm-2.jpg&#8221; saved_tabs=&#8221;all&#8221; collapsed=&#8221;on&#8221; global_colors_info=&#8221;{%22gcid-172090ef-7f3f-4620-b2ce-f7fbc4ceb2d6%22:%91%22background_color_gradient_stops%22%93}&#8221;][et_pb_row column_structure=&#8221;1_2,1_2&#8243; custom_padding_last_edited=&#8221;on|desktop&#8221; _builder_version=&#8221;4.24.0&#8243; _module_preset=&#8221;default&#8221; width=&#8221;64.3%&#8221; custom_padding=&#8221;40px|40px|40px|40px|true|true&#8221; custom_padding_tablet=&#8221;30px|30px|30px|30px|true|true&#8221; custom_padding_phone=&#8221;20px|20px|20px|20px|true|true&#8221; border_width_all=&#8221;2px&#8221; border_color_all=&#8221;gcid-44a2432d-0d5f-4936-b18e-1d8ff0643d31&#8243; global_colors_info=&#8221;{%22gcid-44a2432d-0d5f-4936-b18e-1d8ff0643d31%22:%91%22border_color_all%22,%22border_color_all%22%93}&#8221;][et_pb_column type=&#8221;1_2&#8243; _builder_version=&#8221;4.23.1&#8243; _module_preset=&#8221;default&#8221; global_colors_info=&#8221;{}&#8221;][et_pb_text _builder_version=&#8221;4.23.1&#8243; _module_preset=&#8221;0089379e-16fa-4727-9a2d-67c37b04d3f3&#8243; header_4_text_color=&#8221;gcid-44a2432d-0d5f-4936-b18e-1d8ff0643d31&#8243; text_orientation=&#8221;center&#8221; custom_margin=&#8221;||0px||false|false&#8221; global_colors_info=&#8221;{%22gcid-44a2432d-0d5f-4936-b18e-1d8ff0643d31%22:%91%22header_4_text_color%22%93}&#8221;]<\/p>\n<h4>Address<\/h4>\n<p>[\/et_pb_text][et_pb_text _builder_version=&#8221;4.24.0&#8243; _module_preset=&#8221;c71fe4e9-c85b-40a5-87da-01a18985e439&#8243; text_text_color=&#8221;gcid-44a2432d-0d5f-4936-b18e-1d8ff0643d31&#8243; link_text_color=&#8221;gcid-44a2432d-0d5f-4936-b18e-1d8ff0643d31&#8243; text_orientation=&#8221;center&#8221; custom_margin=&#8221;||10px||false|false&#8221; global_colors_info=&#8221;{%22gcid-44a2432d-0d5f-4936-b18e-1d8ff0643d31%22:%91%22text_text_color%22,%22link_text_color%22%93}&#8221;]<\/p>\n<p>Winter\u00e5sa Ryttarf\u00f6rening<br \/>C\/O Lotta Lundberg<br \/>Holmstorp 328<br \/>71992 Vintrosa<\/p>\n<p>[\/et_pb_text][\/et_pb_column][et_pb_column type=&#8221;1_2&#8243; _builder_version=&#8221;4.23.1&#8243; _module_preset=&#8221;default&#8221; global_colors_info=&#8221;{}&#8221;][et_pb_text _builder_version=&#8221;4.24.1&#8243; _module_preset=&#8221;0089379e-16fa-4727-9a2d-67c37b04d3f3&#8243; header_4_text_color=&#8221;gcid-44a2432d-0d5f-4936-b18e-1d8ff0643d31&#8243; text_orientation=&#8221;center&#8221; custom_margin=&#8221;||0px||false|false&#8221; global_colors_info=&#8221;{%22gcid-44a2432d-0d5f-4936-b18e-1d8ff0643d31%22:%91%22header_4_text_color%22%93}&#8221;]<\/p>\n<h4>Kontakt<\/h4>\n<p>[\/et_pb_text][et_pb_text _builder_version=&#8221;4.24.1&#8243; _module_preset=&#8221;c71fe4e9-c85b-40a5-87da-01a18985e439&#8243; text_text_color=&#8221;gcid-44a2432d-0d5f-4936-b18e-1d8ff0643d31&#8243; link_text_color=&#8221;gcid-44a2432d-0d5f-4936-b18e-1d8ff0643d31&#8243; text_orientation=&#8221;center&#8221; custom_margin=&#8221;||10px||false|false&#8221; global_colors_info=&#8221;{%22gcid-44a2432d-0d5f-4936-b18e-1d8ff0643d31%22:%91%22text_text_color%22,%22link_text_color%22%93}&#8221;]<\/p>\n<p>info@winterasa.se<\/p>\n<p>[\/et_pb_text][et_pb_social_media_follow follow_button=&#8221;on&#8221; icon_color=&#8221;#FFFFFF&#8221; use_icon_font_size=&#8221;on&#8221; _builder_version=&#8221;4.27.2&#8243; _module_preset=&#8221;default&#8221; custom_button=&#8221;on&#8221; button_text_size=&#8221;12px&#8221; button_text_color=&#8221;#FFFFFF&#8221; button_bg_color=&#8221;#ce9a00&#8243; transform_translate=&#8221;81px|-3px&#8221; custom_margin=&#8221;|249px||||&#8221; hover_enabled=&#8221;0&#8243; global_colors_info=&#8221;{}&#8221; sticky_enabled=&#8221;0&#8243;][et_pb_social_media_follow_network social_network=&#8221;facebook&#8221; url=&#8221;https:\/\/www.facebook.com\/winterasa\/&#8221; _builder_version=&#8221;4.24.1&#8243; _module_preset=&#8221;default&#8221; background_enable_color=&#8221;off&#8221; global_colors_info=&#8221;{}&#8221; follow_button=&#8221;on&#8221; url_new_window=&#8221;on&#8221;]facebook[\/et_pb_social_media_follow_network][et_pb_social_media_follow_network social_network=&#8221;instagram&#8221; _builder_version=&#8221;4.24.1&#8243; _module_preset=&#8221;default&#8221; background_enable_color=&#8221;off&#8221; global_colors_info=&#8221;{}&#8221; follow_button=&#8221;on&#8221; url_new_window=&#8221;on&#8221;]instagram[\/et_pb_social_media_follow_network][\/et_pb_social_media_follow][\/et_pb_column][\/et_pb_row][et_pb_row column_structure=&#8221;1_3,1_3,1_3&#8243; _builder_version=&#8221;4.23.1&#8243; _module_preset=&#8221;default&#8221; global_colors_info=&#8221;{}&#8221;][et_pb_column type=&#8221;1_3&#8243; _builder_version=&#8221;4.23.1&#8243; _module_preset=&#8221;default&#8221; global_colors_info=&#8221;{}&#8221;][et_pb_text _builder_version=&#8221;4.24.1&#8243; _module_preset=&#8221;635d1fd0-d1f8-4f34-8d07-794464493026&#8243; text_text_color=&#8221;gcid-44a2432d-0d5f-4936-b18e-1d8ff0643d31&#8243; text_orientation_tablet=&#8221;center&#8221; text_orientation_phone=&#8221;&#8221; text_orientation_last_edited=&#8221;on|tablet&#8221; global_colors_info=&#8221;{%22gcid-44a2432d-0d5f-4936-b18e-1d8ff0643d31%22:%91%22text_text_color%22%93}&#8221;][\/et_pb_text][\/et_pb_column][et_pb_column type=&#8221;1_3&#8243; _builder_version=&#8221;4.23.1&#8243; _module_preset=&#8221;default&#8221; global_colors_info=&#8221;{}&#8221;][\/et_pb_column][et_pb_column type=&#8221;1_3&#8243; _builder_version=&#8221;4.24.1&#8243; _module_preset=&#8221;default&#8221; global_colors_info=&#8221;{}&#8221;][\/et_pb_column][\/et_pb_row][\/et_pb_section]<\/p>\n","protected":false},"excerpt":{"rendered":"<p>Styrelsen Styrelsen f\u00f6r Winter\u00e5sa Ryttarf\u00f6rening best\u00e5r 2024 av f\u00f6ljande: Ordf\u00f6rande: Per Nilsson Kass\u00f6r: Lotta Lundberg Sekreterare: Zara N\u00e4tterdal Ledam\u00f6ter: Anki Kihlg\u00e5rd, Lisbeth Svedberg och Stefan Kihlg\u00e5rd, Anette Fr\u00f6berg Ers\u00e4ttare: Johan Lundberg Larsson AddressWinter\u00e5sa Ryttarf\u00f6reningC\/O Lotta LundbergHolmstorp 32871992 VintrosaKontaktinfo@winterasa.se<\/p>\n","protected":false},"author":2,"featured_media":0,"parent":0,"menu_order":0,"comment_status":"closed","ping_status":"closed","template":"","meta":{"_et_pb_use_builder":"on","_et_pb_old_content":"","_et_gb_content_width":"","footnotes":""},"class_list":["post-74","page","type-page","status-publish","hentry"],"_links":{"self":[{"href":"https:\/\/winterasa.se\/index.php?rest_route=\/wp\/v2\/pages\/74","targetHints":{"allow":["GET"]}}],"collection":[{"href":"https:\/\/winterasa.se\/index.php?rest_route=\/wp\/v2\/pages"}],"about":[{"href":"https:\/\/winterasa.se\/index.php?rest_route=\/wp\/v2\/types\/page"}],"author":[{"embeddable":true,"href":"https:\/\/winterasa.se\/index.php?rest_route=\/wp\/v2\/users\/2"}],"replies":[{"embeddable":true,"href":"https:\/\/winterasa.se\/index.php?rest_route=%2Fwp%2Fv2%2Fcomments&post=74"}],"version-history":[{"count":10,"href":"https:\/\/winterasa.se\/index.php?rest_route=\/wp\/v2\/pages\/74\/revisions"}],"predecessor-version":[{"id":336,"href":"https:\/\/winterasa.se\/index.php?rest_route=\/wp\/v2\/pages\/74\/revisions\/336"}],"wp:attachment":[{"href":"https:\/\/winterasa.se\/index.php?rest_route=%2Fwp%2Fv2%2Fmedia&parent=74"}],"curies":[{"name":"wp","href":"https:\/\/api.w.org\/{rel}","templated":true}]}}